{"id":2401,"date":"2022-09-21T20:01:25","date_gmt":"2022-09-21T20:01:25","guid":{"rendered":"http:\/\/radiosolaris.com.br\/?page_id=2401"},"modified":"2022-09-29T13:52:14","modified_gmt":"2022-09-29T16:52:14","slug":"promo","status":"publish","type":"page","link":"https:\/\/radiosolaris.com.br\/beta\/promo\/","title":{"rendered":"Promo\u00e7\u00f5es"},"content":{"rendered":"\n<div class=\"cnvs-block-row cnvs-block-row-1574515939981 cnvs-block-row-columns-2\" >\n\t<div class=\"cnvs-block-row-inner\">\n\t\t\n\n<div class=\"cnvs-block-column cnvs-block-column-1574515940052\" >\n\t<div class=\"cnvs-block-column-inner\">\n\t\t<div>\n\t\t\t\n\n<h3 id=\"participe-preenchendo-o-formulario-a-seguir-com-seus-dados\" class=\"is-style-default has-medium-font-size cnvs-block-core-heading-1574515986293 wp-block-heading\" style=\"font-style:italic;font-weight:600\">Participe preenchendo o formul\u00e1rio a seguir com seus dados:<\/h3>\n\n\t\t<\/div>\n\t<\/div>\n<\/div>\n\n\n\n<div class=\"cnvs-block-column cnvs-block-column-1574515940068\" >\n\t<div class=\"cnvs-block-column-inner\">\n\t\t<div>\n\t\t\t\n[forminator_form id=&#8221;2400&#8243;]\n\n\t\t<\/div>\n\t<\/div>\n<\/div>\n\n\t<\/div>\n<\/div>\n\n\n\n<hr class=\"wp-block-separator has-css-opacity is-style-wide is-cnvs-separator-id-1574516040902\"\/>\n\n\n\n<h2 id=\"confira-as-promocoes-e-participe-pelo-formulario-acima\" class=\"is-style-default has-medium-font-size wp-block-heading\" style=\"font-style:normal;font-weight:700\">Confira as promo\u00e7\u00f5es e participe pelo formul\u00e1rio acima:<\/h2>\n\n\n\n<div class=\"cs-block-archive-posts cnvs-block-posts-1664469945555\" data-layout=\"list\">\n\n\t<div class=\"post-archive\" data-archive-data=\"\">\n\t\t<div class=\"archive-main archive-list\">\n<article class=\"post-list post-89050 post type-post status-publish format-standard has-post-thumbnail category-promocao\">\n\n\t<div class=\"post-outer post-list-one-third\">\n\n\t\t\n\t\t\t\t\t<div class=\"post-inner post-list-media\">\n\t\t\t\t<div class=\"post-thumbnail\">\n\t\t\t\t\t\n\t\t\t\t\t<img loading=\"lazy\" decoding=\"async\" width=\"560\" height=\"560\" src=\"data:image\/png;base64,iVBORw0KGgoAAAANSUhEUgAAAjAAAAIwAQMAAACiP8MsAAAAA1BMVEUAAP+KeNJXAAAAAXRSTlMAQObYZgAAAAlwSFlzAAAOxAAADsQBlSsOGwAAAD1JREFUeNrtwYEAAAAAw6D5U5\/gBlUBAAAAAAAAAAAAAAAAAAAAAAAAAAAAAAAAAAAAAAAAAAAAAAAAAMA3m1AAAe1RZAoAAAAASUVORK5CYII=\" class=\"attachment-csco-560-square size-csco-560-square pk-lazyload wp-post-image\" alt=\"\" data-pk-sizes=\"auto\" data-ls-sizes=\"(max-width: 560px) 100vw, 560px\" data-pk-src=\"https:\/\/radiosolaris.com.br\/beta\/wp-content\/uploads\/2022\/09\/PROMOCAO-LANCAMENTO-SITE-560x560.jpeg\" data-pk-srcset=\"https:\/\/radiosolaris.com.br\/beta\/wp-content\/uploads\/2022\/09\/PROMOCAO-LANCAMENTO-SITE-560x560.jpeg 560w, https:\/\/radiosolaris.com.br\/beta\/wp-content\/uploads\/2022\/09\/PROMOCAO-LANCAMENTO-SITE-800x800.jpeg 800w, https:\/\/radiosolaris.com.br\/beta\/wp-content\/uploads\/2022\/09\/PROMOCAO-LANCAMENTO-SITE-80x80.jpeg 80w, https:\/\/radiosolaris.com.br\/beta\/wp-content\/uploads\/2022\/09\/PROMOCAO-LANCAMENTO-SITE-120x120.jpeg 120w, https:\/\/radiosolaris.com.br\/beta\/wp-content\/uploads\/2022\/09\/PROMOCAO-LANCAMENTO-SITE-90x90.jpeg 90w, https:\/\/radiosolaris.com.br\/beta\/wp-content\/uploads\/2022\/09\/PROMOCAO-LANCAMENTO-SITE-320x320.jpeg 320w, https:\/\/radiosolaris.com.br\/beta\/wp-content\/uploads\/2022\/09\/PROMOCAO-LANCAMENTO-SITE.jpeg 1080w\" \/>\n\t\t\t\t\t\t\t\t\t\t\t<div class=\"post-more\">\n\t\t\t\t\t\t\t<a href=\"https:\/\/radiosolaris.com.br\/beta\/promocao-lancamento-novo-site-radio-solaris\/\" class=\"button-link\">\n\t\t\t\t\t\t\t\t<span>participe<\/span>\n\t\t\t\t\t\t\t<\/a>\n\t\t\t\t\t\t<\/div>\n\t\t\t\t\t\t\n\t\t\t\t\t\n\t\t\t\t\t<a href=\"https:\/\/radiosolaris.com.br\/beta\/promocao-lancamento-novo-site-radio-solaris\/\"><\/a>\n\t\t\t\t<\/div>\n\t\t\t<\/div>\n\t\t\n\t\t<div class=\"post-inner post-list-content\">\n\n\t\t\t\n\t\t\t<header class=\"entry-header\">\n\t\t\t\t\n\t\t\t\t<h2 class=\"entry-title\"><a href=\"https:\/\/radiosolaris.com.br\/beta\/promocao-lancamento-novo-site-radio-solaris\/\">Promo\u00e7\u00e3o de lan\u00e7amento do novo site da R\u00e1dio Solaris<\/a><\/h2>\n\n\t\t\t\t<ul class=\"post-meta\"><li class=\"meta-date\"><a href=\"https:\/\/radiosolaris.com.br\/beta\/promocao-lancamento-novo-site-radio-solaris\/\" rel=\"bookmark\">29\/09\/2022<\/a><\/li><\/ul>\t\t\t<\/header>\n\n\t\t\t\n\t\t\t\t\t\t\t<div class=\"post-share\">\n\t\t\t\t\t<span class=\"title-share\">Compartilhar <i class=\"cs-icon cs-icon-arrow-right\"><\/i><\/span>\n\n\t\t\t\t\t\t\t<div class=\"pk-share-buttons-wrap pk-share-buttons-layout-simple pk-share-buttons-scheme-simple-light pk-share-buttons-block-posts pk-share-buttons-mode-cached\" data-post-id=\"89050\" data-share-url=\"https:\/\/radiosolaris.com.br\/beta\/promocao-lancamento-novo-site-radio-solaris\/\" >\n\n\t\t\t\n\t\t\t<div class=\"pk-share-buttons-items\">\n\n\t\t\t\t\t\t\t\t\t\t<div class=\"pk-share-buttons-item pk-share-buttons-facebook pk-share-buttons-no-count\" data-id=\"facebook\">\n\n\t\t\t\t\t\t\t<a href=\"https:\/\/www.facebook.com\/sharer.php?u=https:\/\/radiosolaris.com.br\/beta\/promocao-lancamento-novo-site-radio-solaris\/\" class=\"pk-share-buttons-link\" target=\"_blank\">\n\n\t\t\t\t\t\t\t\t\t\t\t\t\t\t\t\t\t<i class=\"pk-share-buttons-icon pk-icon pk-icon-facebook\"><\/i>\n\t\t\t\t\t\t\t\t\n\t\t\t\t\t\t\t\t\n\t\t\t\t\t\t\t\t\n\t\t\t\t\t\t\t\t\t\t\t\t\t\t\t<\/a>\n\n\t\t\t\t\t\t\t\n\t\t\t\t\t\t\t\n\t\t\t\t\t\t\t\t\t\t\t\t\t<\/div>\n\t\t\t\t\t\t\t\t\t\t\t<div class=\"pk-share-buttons-item pk-share-buttons-twitter pk-share-buttons-no-count\" data-id=\"twitter\">\n\n\t\t\t\t\t\t\t<a href=\"https:\/\/twitter.com\/share?&#038;text=Promo%C3%A7%C3%A3o%20de%20lan%C3%A7amento%20do%20novo%20site%20da%20R%C3%A1dio%20Solaris&#038;url=https:\/\/radiosolaris.com.br\/beta\/promocao-lancamento-novo-site-radio-solaris\/\" class=\"pk-share-buttons-link\" target=\"_blank\">\n\n\t\t\t\t\t\t\t\t\t\t\t\t\t\t\t\t\t<i class=\"pk-share-buttons-icon pk-icon pk-icon-twitter\"><\/i>\n\t\t\t\t\t\t\t\t\n\t\t\t\t\t\t\t\t\n\t\t\t\t\t\t\t\t\n\t\t\t\t\t\t\t\t\t\t\t\t\t\t\t<\/a>\n\n\t\t\t\t\t\t\t\n\t\t\t\t\t\t\t\n\t\t\t\t\t\t\t\t\t\t\t\t\t<\/div>\n\t\t\t\t\t\t\t\t\t\t\t<div class=\"pk-share-buttons-item pk-share-buttons-pinterest pk-share-buttons-no-count\" data-id=\"pinterest\">\n\n\t\t\t\t\t\t\t<a href=\"https:\/\/pinterest.com\/pin\/create\/bookmarklet\/?url=https:\/\/radiosolaris.com.br\/beta\/promocao-lancamento-novo-site-radio-solaris\/&#038;media=https:\/\/radiosolaris.com.br\/beta\/wp-content\/uploads\/2022\/09\/PROMOCAO-LANCAMENTO-SITE.jpeg\" class=\"pk-share-buttons-link\" target=\"_blank\">\n\n\t\t\t\t\t\t\t\t\t\t\t\t\t\t\t\t\t<i class=\"pk-share-buttons-icon pk-icon pk-icon-pinterest\"><\/i>\n\t\t\t\t\t\t\t\t\n\t\t\t\t\t\t\t\t\n\t\t\t\t\t\t\t\t\n\t\t\t\t\t\t\t\t\t\t\t\t\t\t\t<\/a>\n\n\t\t\t\t\t\t\t\n\t\t\t\t\t\t\t\n\t\t\t\t\t\t\t\t\t\t\t\t\t<\/div>\n\t\t\t\t\t\t\t\t\t\t\t<div class=\"pk-share-buttons-item pk-share-buttons-linkedin pk-share-buttons-no-count\" data-id=\"linkedin\">\n\n\t\t\t\t\t\t\t<a href=\"https:\/\/www.linkedin.com\/shareArticle?mini=true&#038;url=https:\/\/radiosolaris.com.br\/beta\/promocao-lancamento-novo-site-radio-solaris\/\" class=\"pk-share-buttons-link\" target=\"_blank\">\n\n\t\t\t\t\t\t\t\t\t\t\t\t\t\t\t\t\t<i class=\"pk-share-buttons-icon pk-icon pk-icon-linkedin\"><\/i>\n\t\t\t\t\t\t\t\t\n\t\t\t\t\t\t\t\t\n\t\t\t\t\t\t\t\t\n\t\t\t\t\t\t\t\t\t\t\t\t\t\t\t<\/a>\n\n\t\t\t\t\t\t\t\n\t\t\t\t\t\t\t\n\t\t\t\t\t\t\t\t\t\t\t\t\t<\/div>\n\t\t\t\t\t\t\t\t\t\t\t<div class=\"pk-share-buttons-item pk-share-buttons-whatsapp pk-share-buttons-no-count\" data-id=\"whatsapp\">\n\n\t\t\t\t\t\t\t<a href=\"whatsapp:\/\/send?text=https:\/\/radiosolaris.com.br\/beta\/promocao-lancamento-novo-site-radio-solaris\/\" class=\"pk-share-buttons-link\" target=\"_blank\">\n\n\t\t\t\t\t\t\t\t\t\t\t\t\t\t\t\t\t<i class=\"pk-share-buttons-icon pk-icon pk-icon-whatsapp\"><\/i>\n\t\t\t\t\t\t\t\t\n\t\t\t\t\t\t\t\t\n\t\t\t\t\t\t\t\t\n\t\t\t\t\t\t\t\t\t\t\t\t\t\t\t<\/a>\n\n\t\t\t\t\t\t\t\n\t\t\t\t\t\t\t\n\t\t\t\t\t\t\t\t\t\t\t\t\t<\/div>\n\t\t\t\t\t\t\t\t\t\t\t<div class=\"pk-share-buttons-item pk-share-buttons-telegram pk-share-buttons-no-count\" data-id=\"telegram\">\n\n\t\t\t\t\t\t\t<a href=\"https:\/\/t.me\/share\/url?&#038;text=Promo%C3%A7%C3%A3o%20de%20lan%C3%A7amento%20do%20novo%20site%20da%20R%C3%A1dio%20Solaris&#038;url=https:\/\/radiosolaris.com.br\/beta\/promocao-lancamento-novo-site-radio-solaris\/\" class=\"pk-share-buttons-link\" target=\"_blank\">\n\n\t\t\t\t\t\t\t\t\t\t\t\t\t\t\t\t\t<i class=\"pk-share-buttons-icon pk-icon pk-icon-telegram\"><\/i>\n\t\t\t\t\t\t\t\t\n\t\t\t\t\t\t\t\t\n\t\t\t\t\t\t\t\t\n\t\t\t\t\t\t\t\t\t\t\t\t\t\t\t<\/a>\n\n\t\t\t\t\t\t\t\n\t\t\t\t\t\t\t\n\t\t\t\t\t\t\t\t\t\t\t\t\t<\/div>\n\t\t\t\t\t\t\t\t<\/div>\n\t\t<\/div>\n\t\t\t\t\t<\/div>\n\t\t\t\n\t\t<\/div>\n\n\t\t\n\t<\/div>\n\n<\/article>\n<\/div>\t<\/div>\n\n<\/div>\n\t","protected":false},"excerpt":{"rendered":"<p>Confira as promo\u00e7\u00f5es e participe pelo formul\u00e1rio acima:<\/p>\n","protected":false},"author":1,"featured_media":0,"parent":0,"menu_order":0,"comment_status":"closed","ping_status":"closed","template":"","meta":{"_lmt_disableupdate":"","_lmt_disable":"","footnotes":""},"class_list":["post-2401","page","type-page","status-publish"],"_links":{"self":[{"href":"https:\/\/radiosolaris.com.br\/beta\/wp-json\/wp\/v2\/pages\/2401","targetHints":{"allow":["GET"]}}],"collection":[{"href":"https:\/\/radiosolaris.com.br\/beta\/wp-json\/wp\/v2\/pages"}],"about":[{"href":"https:\/\/radiosolaris.com.br\/beta\/wp-json\/wp\/v2\/types\/page"}],"author":[{"embeddable":true,"href":"https:\/\/radiosolaris.com.br\/beta\/wp-json\/wp\/v2\/users\/1"}],"replies":[{"embeddable":true,"href":"https:\/\/radiosolaris.com.br\/beta\/wp-json\/wp\/v2\/comments?post=2401"}],"version-history":[{"count":0,"href":"https:\/\/radiosolaris.com.br\/beta\/wp-json\/wp\/v2\/pages\/2401\/revisions"}],"wp:attachment":[{"href":"https:\/\/radiosolaris.com.br\/beta\/wp-json\/wp\/v2\/media?parent=2401"}],"curies":[{"name":"wp","href":"https:\/\/api.w.org\/{rel}","templated":true}]}}